{"id":104,"date":"2023-11-22T15:30:08","date_gmt":"2023-11-22T13:30:08","guid":{"rendered":"http:\/\/fete-de-la-musique.local\/?page_id=104"},"modified":"2023-11-30T15:23:03","modified_gmt":"2023-11-30T13:23:03","slug":"politique-de-confidentialite","status":"publish","type":"page","link":"https:\/\/fetemusiquelausanne.ch\/it\/politique-de-confidentialite\/","title":{"rendered":"Politique de confidentialit\u00e9"},"content":{"rendered":"\n<h2 class=\"wp-block-heading\">1.\u00a0Introduction<\/h2>\n\n\n\n<p>L\u2019Association F\u00eate de la Musique, dont le si\u00e8ge est \u00e0 Lausanne et dont l\u2019adresse est la suivante&nbsp;: F\u00eate de la Musique, Place de la Cath\u00e9drale 6, 1005 Lausanne. (ci-apr\u00e8s&nbsp;: \u00ab&nbsp;<strong>FML<\/strong>&nbsp;\u00bb, \u00ab&nbsp;<strong>nous<\/strong>&nbsp;\u00bb, \u00ab&nbsp;<strong>notre<\/strong>&nbsp;\u00bb, \u00ab&nbsp;<strong>nos<\/strong>&nbsp;\u00bb), organise annuellement un \u00e9v\u00e8nement public musical et culturel, et d\u2019autres activit\u00e9s servant \u00e0 promouvoir ou financer cet \u00e9v\u00e9nement (ci-apr\u00e8s&nbsp;: \u00ab&nbsp;<strong>Prestation(s)<\/strong>&nbsp;\u00bb). Elle propose \u00e9galement du contenu relatif \u00e0 ses activit\u00e9s et son organisation sur son site internet www.fetemusiquelausanne.ch (ci-apr\u00e8s&nbsp;: \u00ab&nbsp;<strong>Site<\/strong>&nbsp;\u00bb)<\/p>\n\n\n\n<p>Afin de pouvoir fournir nos Prestations et les d\u00e9velopper, ainsi que pour fournir du contenu sur notre Site, nous collectons, utilisons et communiquons un certain nombre de donn\u00e9es personnelles vous concernant. Lorsque nous parlons de donn\u00e9es personnelles, nous nous r\u00e9f\u00e9rons aux donn\u00e9es personnelles au sens de la Loi f\u00e9d\u00e9rale sur la protection des donn\u00e9es (LPD). Ce sont toutes les informations qui nous permettent de vous identifier imm\u00e9diatement ou en les combinant avec d\u2019autres informations. \u00c0 cet \u00e9gard, nous sommes le responsable du traitement des donn\u00e9es personnelles.<\/p>\n\n\n\n<p>La pr\u00e9sente politique de confidentialit\u00e9 (ci-apr\u00e8s \u00ab Politique \u00bb) expose les conditions dans lesquelles nous traitons des donn\u00e9es vous concernant, ainsi que les choix \u00e0 votre disposition s\u2019agissant de la collecte, l\u2019utilisation et la communication de ces donn\u00e9es personnelles conform\u00e9ment \u00e0 la LPD.<\/p>\n\n\n\n<p>En recourant \u00e0 nos Prestations ou\/et en acc\u00e9dant au Site, vous reconnaissez avoir lu, compris et accept\u00e9 d\u2019\u00eatre sujets \u00e0 toutes les conditions pr\u00e9vues par cette Politique.<\/p>\n\n\n\n<h2 class=\"wp-block-heading\">2.\u00a0Traitement des donn\u00e9es personnelles<\/h2>\n\n\n\n<h3 class=\"wp-block-heading\">2.1.\u00a0Donn\u00e9es personnelles pouvant \u00eatre trait\u00e9es<\/h3>\n\n\n\n<p>Pour participer en qualit\u00e9 d\u2019artiste \u00e0 l\u2019un des \u00e9v\u00e9nements que nous organisons, il vous sera demand\u00e9 de nous communiquer un certain nombre de donn\u00e9es personnelles vous concernant comme vos coordonn\u00e9es personnelles (par exemple nom, pr\u00e9nom, adresse, num\u00e9ro de t\u00e9l\u00e9phone, adresse \u00e9lectronique, etc.), vos donn\u00e9es de facturation (num\u00e9ro de compte bancaire, IBAN, adresse de facturation, etc.), et des enregistrements audio et\/ou vid\u00e9o.<\/p>\n\n\n\n<p>Vous pouvez \u00e9galement, librement, nous communiquer des donn\u00e9es suppl\u00e9mentaires.<\/p>\n\n\n\n<h3 class=\"wp-block-heading\">2.2.\u00a0\u00c0 l\u2019occasion des \u00e9v\u00e9nements que nous organisons, il peut arriver que le public et les artistes soient film\u00e9s ou photographi\u00e9s. Ce mat\u00e9riel audiovisuel et photographique pourra \u00eatre utilis\u00e9 pour les besoins du Site et\/ou pour nos supports de communication. Tout participant est pr\u00e9sum\u00e9 avoir donn\u00e9 son consentement \u00e0 \u00eatre film\u00e9 ou photographi\u00e9 en public. But d\u2019utilisation des donn\u00e9es personnelles<\/h3>\n\n\n\n<h4 class=\"wp-block-heading\">2.2.1.\u00a0Fourniture des Prestations<\/h4>\n\n\n\n<p>Nous utilisons vos donn\u00e9es personnelles pour fournir nos Prestations, interagir avec vous et r\u00e9pondre \u00e0 vos demandes.<\/p>\n\n\n\n<h4 class=\"wp-block-heading\">2.2.2.\u00a0Poursuite de nos int\u00e9r\u00eats l\u00e9gitimes<\/h4>\n\n\n\n<p>Nous pouvons utiliser vos donn\u00e9es personnelles pour poursuivre nos int\u00e9r\u00eats l\u00e9gitimes, ce qui inclut la d\u00e9tection des fraudes, le recouvrement de cr\u00e9ances, ainsi que l\u2019\u00e9tude de toutes plaintes que nous pourrions recevoir, de votre part ou de tiers.<\/p>\n\n\n\n<h4 class=\"wp-block-heading\">2.2.3.\u00a0Respect de nos responsabilit\u00e9s l\u00e9gales<\/h4>\n\n\n\n<p>Nous pouvons aussi utiliser vos donn\u00e9es personnelles afin de nous acquitter d\u2019obligations l\u00e9gales, comme la conservation des documents comptables ou la r\u00e9ponse aux demandes d\u2019autorit\u00e9s.<\/p>\n\n\n\n<h2 class=\"wp-block-heading\">3.\u00a0Traitement des donn\u00e9es personnelles lorsque vous naviguez sur notre site<\/h2>\n\n\n\n<h3 class=\"wp-block-heading\">3.1.\u00a0Introduction<\/h3>\n\n\n\n<p>Lorsque vous naviguez sur notre Site et interagissez avec ce dernier, des technologies de collecte de donn\u00e9es automatis\u00e9es sont utilis\u00e9es afin de recueillir certaines donn\u00e9es personnelles vous concernant pour comprendre vos actions (p. ex. quels liens ont \u00e9t\u00e9 cliqu\u00e9s, quelles pages ont \u00e9t\u00e9 visualis\u00e9es), ainsi que d\u2019autres donn\u00e9es et statistiques similaires (p. ex. les temps de r\u00e9ponse des contenus, les erreurs de t\u00e9l\u00e9chargement, la dur\u00e9e de visite de certaines pages, le type de navigateur utilis\u00e9 ou le lieu de connexion). Ces informations sont saisies au moyen des technologies automatis\u00e9es comme les cookies.&nbsp;<\/p>\n\n\n\n<h3 class=\"wp-block-heading\">3.2.\u00a0Cookies et balises web<\/h3>\n\n\n\n<h4 class=\"wp-block-heading\">3.2.1.\u00a0Donn\u00e9es personnelles pouvant \u00eatre trait\u00e9es<\/h4>\n\n\n\n<p>Les cookies se pr\u00e9sentent sous forme de fichiers textes capables d\u2019identifier les visiteurs et de sauvegarder leurs pr\u00e9f\u00e9rences personnelles (p. ex. leur choix linguistique) ainsi que des informations d\u2019ordre technique (y. c. des donn\u00e9es de type clics et de type parcours).<\/p>\n\n\n\n<p>Les balises web, ou clear GIF, sont de tr\u00e8s petites images transparentes (1 pixel par 1 pixel) int\u00e9gr\u00e9es dans un site web. Elles permettent de collecter des informations sur l\u2019activit\u00e9 des visiteurs du site, par exemple le syst\u00e8me d\u2019exploitation utilis\u00e9, le navigateur utilis\u00e9, l\u2019adresse IP ou encore le temps pass\u00e9 sur le site.<\/p>\n\n\n\n<h4 class=\"wp-block-heading\">3.2.2.\u00a0But d\u2019utilisation des donn\u00e9es personnelles<\/h4>\n\n\n\n<p>Nous utilisons des cookies et des balises web pour faciliter l\u2019acc\u00e8s au Site, comprendre la fa\u00e7on dont vous naviguez sur notre site et rep\u00e9rer les dysfonctionnements du Site. Cela nous permet aussi d\u2019am\u00e9liorer votre exp\u00e9rience ainsi que la conception et le contenu du Site.<\/p>\n\n\n\n<h4 class=\"wp-block-heading\">3.2.3.\u00a0Collaboration avec des entreprises tierces<\/h4>\n\n\n\n<p>Pour l\u2019exploitation du Site, nous pouvons \u00eatre amen\u00e9s \u00e0 collaborer avec des entreprises tierces qui placent des cookies ou des balises web sur le Site. Ces entreprises nous aident dans la gestion du Site et proposent des produits et services suppl\u00e9mentaires. L\u2019utilisation de ces technologies par ces tiers est alors soumise \u00e0 leurs propres conditions de traitement des donn\u00e9es personnelles et n\u2019est pas couverte par la Politique.<\/p>\n\n\n\n<h4 class=\"wp-block-heading\">3.2.4.\u00a0D\u00e9sactivation des cookies<\/h4>\n\n\n\n<p>L\u2019utilisation de cookies peut \u00eatre d\u00e9sactiv\u00e9e en s\u00e9lectionnant les param\u00e8tres appropri\u00e9s au sein du navigateur utilis\u00e9. Cependant, une telle d\u00e9sactivation pourrait emp\u00eacher l&#8217;utilisation de certaines fonctionnalit\u00e9s de ce Site. Pour plus d\u2019informations sur les cookies : <a href=\"https:\/\/hdcavocats.sharepoint.com\/sites\/HDCLegal\/Documents%20partages\/M\u00c9TILLE\/ARDENTIS%20-%20protection%20des%20donn\u00e9es\/allaboutcookies.org\/fr\">allaboutcookies.org\/fr<\/a> et <a href=\"https:\/\/hdcavocats.sharepoint.com\/sites\/HDCLegal\/Documents%20partages\/M\u00c9TILLE\/ARDENTIS%20-%20protection%20des%20donn\u00e9es\/youronlinechoices.com\/fr\">youronlinechoices.com\/fr<\/a>.<\/p>\n\n\n\n<h3 class=\"wp-block-heading\">3.3.\u00a0R\u00e9seaux sociaux tiers<\/h3>\n\n\n\n<p>Lorsque vous autorisez un r\u00e9seau social tiers (comme Facebook, YouTube, LinkedIn, TikTok, Instagram, etc.) \u00e0 partager avec nos comptes, nous pouvons recevoir toute donn\u00e9e que vous partagez publiquement sur ce r\u00e9seau social et les donn\u00e9es faisant partie de votre profil. Il peut s\u2019agir des donn\u00e9es de base relatives \u00e0 votre compte (p. ex. pr\u00e9nom, nom, adresse \u00e9lectronique, sexe, anniversaire, ville de r\u00e9sidence, photo de profil, identifiant d\u2019utilisateur, etc.) et de tout autre donn\u00e9e ou activit\u00e9 que vous autorisez le r\u00e9seau social tiers \u00e0 partager. Ces r\u00e9seaux sociaux sont r\u00e9gis par leurs propres conditions d\u2019utilisation et politiques de confidentialit\u00e9 que nous vous invitons \u00e0 lire.<\/p>\n\n\n\n<h2 class=\"wp-block-heading\">4.\u00a0Communication des donn\u00e9es personnelles<\/h2>\n\n\n\n<h3 class=\"wp-block-heading\">4.1.\u00a0Sous-traitance<\/h3>\n\n\n\n<p>Nous pouvons recourir \u00e0 des prestataires externes intervenant en qualit\u00e9 de sous-traitants, en particulier des prestataires pour g\u00e9rer et\/ou maintenir le Site, analyser le trafic sur le Site, envoyer des messages pour notre compte, mener des recherches, surveiller et analyser le statut de notre r\u00e9seau et l\u2019efficacit\u00e9 de notre communication. Des donn\u00e9es personnelles ne leur sont communiqu\u00e9es que dans la limite n\u00e9cessaire \u00e0 la r\u00e9alisation des t\u00e2ches qui leur sont confi\u00e9es.<\/p>\n\n\n\n<h3 class=\"wp-block-heading\">4.2. Communication \u00e0 des tiers<\/h3>\n\n\n\n<p>Nous pouvons transmettre vos donn\u00e9es personnelles \u00e0 des tiers (i) si cela est n\u00e9cessaire \u00e0 la poursuite des buts pour lesquels vous nous les avez librement transmises, (ii) si vous y avez pr\u00e9alablement consenti\u202fou (iii) si la loi nous le permet ou nous y oblige (p.\u202fex. sur requ\u00eate d\u2019une autorit\u00e9 judiciaire, pour faire valoir nos droits en justice ou pour proc\u00e9der au recouvrement d\u2019une cr\u00e9ance avec l\u2019aide d\u2019un service de recouvrement).<\/p>\n\n\n\n<h2 class=\"wp-block-heading\">5. S\u00e9curit\u00e9 et confidentialit\u00e9 des donn\u00e9es personnelles<\/h2>\n\n\n\n<p>Bien que la s\u00e9curit\u00e9 totale n\u2019existe pas, des mesures de s\u00e9curit\u00e9 (d\u2019ordre technique et organisationnel) conformes aux r\u00e8gles de l\u2019art ont \u00e9t\u00e9 mises en place, compte tenu des risques encourus, pour prot\u00e9ger vos donn\u00e9es personnelles contre toute manipulation accidentelle ou intentionnelle, perte, destruction, communication ou contre tout acc\u00e8s non autoris\u00e9.&nbsp;<\/p>\n\n\n\n<p>Les donn\u00e9es personnelles sont conserv\u00e9es aussi longtemps que n\u00e9cessaire au regard des finalit\u00e9s du traitement. Elles peuvent \u00eatre conserv\u00e9es plus longtemps lorsqu\u2019il existe une obligatoire l\u00e9gale de conserver les donn\u00e9es.<\/p>\n\n\n\n<p>Nous conservons les donn\u00e9es communiqu\u00e9es lors des inscriptions \u00e0 des \u00e9v\u00e9nements que nous organisons au maximum une ann\u00e9e apr\u00e8s l\u2019\u00e9v\u00e9nement concern\u00e9.<\/p>\n\n\n\n<h2 class=\"wp-block-heading\">6.\u00a0Mise \u00e0 jour de notre Politique<\/h2>\n\n\n\n<p>Nous pouvons mettre \u00e0 jour cette Politique de temps en temps sans pr\u00e9avis.&nbsp;<\/p>\n\n\n\n<p>Nous chercherons \u00e0 attirer votre attention sur toute modification significative. Si vous nous avez transmis votre adresse \u00e9lectronique, vous serez le cas \u00e9ch\u00e9ant inform\u00e9 par courriel de la nouvelle Politique. La nouvelle Politique sera \u00e9galement disponible sur le Site.<\/p>\n\n\n\n<p>Le recours \u00e0 nos Prestations apr\u00e8s une modification de la Politique est une acceptation explicite des modifications, au m\u00eame titre que l\u2019utilisation continue de notre Site.<\/p>\n","protected":false},"excerpt":{"rendered":"<p>1.\u00a0Introduction L\u2019Association F\u00eate de la Musique, dont le si\u00e8ge est \u00e0 Lausanne et dont l\u2019adresse est la suivante&nbsp;: F\u00eate de la Musique, Place de la Cath\u00e9drale 6, 1005 Lausanne. (ci-apr\u00e8s&nbsp;: \u00ab&nbsp;FML&nbsp;\u00bb, \u00ab&nbsp;nous&nbsp;\u00bb, \u00ab&nbsp;notre&nbsp;\u00bb, \u00ab&nbsp;nos&nbsp;\u00bb), organise annuellement un \u00e9v\u00e8nement public musical et culturel, et d\u2019autres activit\u00e9s servant \u00e0 promouvoir ou financer cet \u00e9v\u00e9nement (ci-apr\u00e8s&nbsp;: \u00ab&nbsp;Prestation(s)&nbsp;\u00bb). Elle [&hellip;]<\/p>\n","protected":false},"author":1,"featured_media":0,"parent":0,"menu_order":15,"comment_status":"closed","ping_status":"closed","template":"","meta":{"_acf_changed":false,"footnotes":""},"class_list":["post-104","page","type-page","status-publish","hentry"],"acf":[],"yoast_head":"<!-- This site is optimized with the Yoast SEO plugin v27.3 - https:\/\/yoast.com\/product\/yoast-seo-wordpress\/ -->\n<title>Politique de confidentialit\u00e9 - F\u00eate de la musique Lausanne<\/title>\n<meta name=\"robots\" content=\"index, follow, max-snippet:-1, max-image-preview:large, max-video-preview:-1\" \/>\n<link rel=\"canonical\" href=\"https:\/\/fetemusiquelausanne.ch\/it\/politique-de-confidentialite\/\" \/>\n<meta property=\"og:locale\" content=\"it_IT\" \/>\n<meta property=\"og:type\" content=\"article\" \/>\n<meta property=\"og:title\" content=\"Politique de confidentialit\u00e9 - F\u00eate de la musique Lausanne\" \/>\n<meta property=\"og:description\" content=\"1.\u00a0Introduction L\u2019Association F\u00eate de la Musique, dont le si\u00e8ge est \u00e0 Lausanne et dont l\u2019adresse est la suivante&nbsp;: F\u00eate de la Musique, Place de la Cath\u00e9drale 6, 1005 Lausanne. (ci-apr\u00e8s&nbsp;: \u00ab&nbsp;FML&nbsp;\u00bb, \u00ab&nbsp;nous&nbsp;\u00bb, \u00ab&nbsp;notre&nbsp;\u00bb, \u00ab&nbsp;nos&nbsp;\u00bb), organise annuellement un \u00e9v\u00e8nement public musical et culturel, et d\u2019autres activit\u00e9s servant \u00e0 promouvoir ou financer cet \u00e9v\u00e9nement (ci-apr\u00e8s&nbsp;: \u00ab&nbsp;Prestation(s)&nbsp;\u00bb). Elle [&hellip;]\" \/>\n<meta property=\"og:url\" content=\"https:\/\/fetemusiquelausanne.ch\/it\/politique-de-confidentialite\/\" \/>\n<meta property=\"og:site_name\" content=\"F\u00eate de la musique Lausanne\" \/>\n<meta property=\"article:publisher\" content=\"https:\/\/www.facebook.com\/fetemusiquelausanne\" \/>\n<meta property=\"article:modified_time\" content=\"2023-11-30T13:23:03+00:00\" \/>\n<meta name=\"twitter:card\" content=\"summary_large_image\" \/>\n<meta name=\"twitter:label1\" content=\"Est. reading time\" \/>\n\t<meta name=\"twitter:data1\" content=\"7 minutes\" \/>\n<script type=\"application\/ld+json\" class=\"yoast-schema-graph\">{\"@context\":\"https:\\\/\\\/schema.org\",\"@graph\":[{\"@type\":\"WebPage\",\"@id\":\"https:\\\/\\\/fetemusiquelausanne.ch\\\/it\\\/politique-de-confidentialite\\\/\",\"url\":\"https:\\\/\\\/fetemusiquelausanne.ch\\\/it\\\/politique-de-confidentialite\\\/\",\"name\":\"Politique de confidentialit\u00e9 - F\u00eate de la musique Lausanne\",\"isPartOf\":{\"@id\":\"https:\\\/\\\/fetemusiquelausanne.ch\\\/it\\\/#website\"},\"datePublished\":\"2023-11-22T13:30:08+00:00\",\"dateModified\":\"2023-11-30T13:23:03+00:00\",\"breadcrumb\":{\"@id\":\"https:\\\/\\\/fetemusiquelausanne.ch\\\/it\\\/politique-de-confidentialite\\\/#breadcrumb\"},\"inLanguage\":\"it-IT\",\"potentialAction\":[{\"@type\":\"ReadAction\",\"target\":[\"https:\\\/\\\/fetemusiquelausanne.ch\\\/it\\\/politique-de-confidentialite\\\/\"]}]},{\"@type\":\"BreadcrumbList\",\"@id\":\"https:\\\/\\\/fetemusiquelausanne.ch\\\/it\\\/politique-de-confidentialite\\\/#breadcrumb\",\"itemListElement\":[{\"@type\":\"ListItem\",\"position\":1,\"name\":\"Accueil\",\"item\":\"https:\\\/\\\/fetemusiquelausanne.ch\\\/it\\\/\"},{\"@type\":\"ListItem\",\"position\":2,\"name\":\"Politique de confidentialit\u00e9\"}]},{\"@type\":\"WebSite\",\"@id\":\"https:\\\/\\\/fetemusiquelausanne.ch\\\/it\\\/#website\",\"url\":\"https:\\\/\\\/fetemusiquelausanne.ch\\\/it\\\/\",\"name\":\"F\u00eate de la musique Lausanne\",\"description\":\"21 juin\",\"publisher\":{\"@id\":\"https:\\\/\\\/fetemusiquelausanne.ch\\\/it\\\/#organization\"},\"potentialAction\":[{\"@type\":\"SearchAction\",\"target\":{\"@type\":\"EntryPoint\",\"urlTemplate\":\"https:\\\/\\\/fetemusiquelausanne.ch\\\/it\\\/?s={search_term_string}\"},\"query-input\":{\"@type\":\"PropertyValueSpecification\",\"valueRequired\":true,\"valueName\":\"search_term_string\"}}],\"inLanguage\":\"it-IT\"},{\"@type\":\"Organization\",\"@id\":\"https:\\\/\\\/fetemusiquelausanne.ch\\\/it\\\/#organization\",\"name\":\"F\u00eate de la musique Lausanne\",\"url\":\"https:\\\/\\\/fetemusiquelausanne.ch\\\/it\\\/\",\"logo\":{\"@type\":\"ImageObject\",\"inLanguage\":\"it-IT\",\"@id\":\"https:\\\/\\\/fetemusiquelausanne.ch\\\/it\\\/#\\\/schema\\\/logo\\\/image\\\/\",\"url\":\"https:\\\/\\\/fetemusiquelausanne.ch\\\/\\\/wp-content\\\/uploads\\\/2023\\\/12\\\/fdlm_logo_2023.png\",\"contentUrl\":\"https:\\\/\\\/fetemusiquelausanne.ch\\\/\\\/wp-content\\\/uploads\\\/2023\\\/12\\\/fdlm_logo_2023.png\",\"width\":204,\"height\":123,\"caption\":\"F\u00eate de la musique Lausanne\"},\"image\":{\"@id\":\"https:\\\/\\\/fetemusiquelausanne.ch\\\/it\\\/#\\\/schema\\\/logo\\\/image\\\/\"},\"sameAs\":[\"https:\\\/\\\/www.facebook.com\\\/fetemusiquelausanne\",\"https:\\\/\\\/www.instagram.com\\\/fetedelamusiquelausanne\\\/\",\"https:\\\/\\\/www.youtube.com\\\/@fetedelamusiquelausanne3280\"]}]}<\/script>\n<!-- \/ Yoast SEO plugin. -->","yoast_head_json":{"title":"Politique de confidentialit\u00e9 - F\u00eate de la musique Lausanne","robots":{"index":"index","follow":"follow","max-snippet":"max-snippet:-1","max-image-preview":"max-image-preview:large","max-video-preview":"max-video-preview:-1"},"canonical":"https:\/\/fetemusiquelausanne.ch\/it\/politique-de-confidentialite\/","og_locale":"it_IT","og_type":"article","og_title":"Politique de confidentialit\u00e9 - F\u00eate de la musique Lausanne","og_description":"1.\u00a0Introduction L\u2019Association F\u00eate de la Musique, dont le si\u00e8ge est \u00e0 Lausanne et dont l\u2019adresse est la suivante&nbsp;: F\u00eate de la Musique, Place de la Cath\u00e9drale 6, 1005 Lausanne. (ci-apr\u00e8s&nbsp;: \u00ab&nbsp;FML&nbsp;\u00bb, \u00ab&nbsp;nous&nbsp;\u00bb, \u00ab&nbsp;notre&nbsp;\u00bb, \u00ab&nbsp;nos&nbsp;\u00bb), organise annuellement un \u00e9v\u00e8nement public musical et culturel, et d\u2019autres activit\u00e9s servant \u00e0 promouvoir ou financer cet \u00e9v\u00e9nement (ci-apr\u00e8s&nbsp;: \u00ab&nbsp;Prestation(s)&nbsp;\u00bb). Elle [&hellip;]","og_url":"https:\/\/fetemusiquelausanne.ch\/it\/politique-de-confidentialite\/","og_site_name":"F\u00eate de la musique Lausanne","article_publisher":"https:\/\/www.facebook.com\/fetemusiquelausanne","article_modified_time":"2023-11-30T13:23:03+00:00","twitter_card":"summary_large_image","twitter_misc":{"Est. reading time":"7 minutes"},"schema":{"@context":"https:\/\/schema.org","@graph":[{"@type":"WebPage","@id":"https:\/\/fetemusiquelausanne.ch\/it\/politique-de-confidentialite\/","url":"https:\/\/fetemusiquelausanne.ch\/it\/politique-de-confidentialite\/","name":"Politique de confidentialit\u00e9 - F\u00eate de la musique Lausanne","isPartOf":{"@id":"https:\/\/fetemusiquelausanne.ch\/it\/#website"},"datePublished":"2023-11-22T13:30:08+00:00","dateModified":"2023-11-30T13:23:03+00:00","breadcrumb":{"@id":"https:\/\/fetemusiquelausanne.ch\/it\/politique-de-confidentialite\/#breadcrumb"},"inLanguage":"it-IT","potentialAction":[{"@type":"ReadAction","target":["https:\/\/fetemusiquelausanne.ch\/it\/politique-de-confidentialite\/"]}]},{"@type":"BreadcrumbList","@id":"https:\/\/fetemusiquelausanne.ch\/it\/politique-de-confidentialite\/#breadcrumb","itemListElement":[{"@type":"ListItem","position":1,"name":"Accueil","item":"https:\/\/fetemusiquelausanne.ch\/it\/"},{"@type":"ListItem","position":2,"name":"Politique de confidentialit\u00e9"}]},{"@type":"WebSite","@id":"https:\/\/fetemusiquelausanne.ch\/it\/#website","url":"https:\/\/fetemusiquelausanne.ch\/it\/","name":"F\u00eate de la musique Lausanne","description":"21 juin","publisher":{"@id":"https:\/\/fetemusiquelausanne.ch\/it\/#organization"},"potentialAction":[{"@type":"SearchAction","target":{"@type":"EntryPoint","urlTemplate":"https:\/\/fetemusiquelausanne.ch\/it\/?s={search_term_string}"},"query-input":{"@type":"PropertyValueSpecification","valueRequired":true,"valueName":"search_term_string"}}],"inLanguage":"it-IT"},{"@type":"Organization","@id":"https:\/\/fetemusiquelausanne.ch\/it\/#organization","name":"F\u00eate de la musique Lausanne","url":"https:\/\/fetemusiquelausanne.ch\/it\/","logo":{"@type":"ImageObject","inLanguage":"it-IT","@id":"https:\/\/fetemusiquelausanne.ch\/it\/#\/schema\/logo\/image\/","url":"https:\/\/fetemusiquelausanne.ch\/\/wp-content\/uploads\/2023\/12\/fdlm_logo_2023.png","contentUrl":"https:\/\/fetemusiquelausanne.ch\/\/wp-content\/uploads\/2023\/12\/fdlm_logo_2023.png","width":204,"height":123,"caption":"F\u00eate de la musique Lausanne"},"image":{"@id":"https:\/\/fetemusiquelausanne.ch\/it\/#\/schema\/logo\/image\/"},"sameAs":["https:\/\/www.facebook.com\/fetemusiquelausanne","https:\/\/www.instagram.com\/fetedelamusiquelausanne\/","https:\/\/www.youtube.com\/@fetedelamusiquelausanne3280"]}]}},"_links":{"self":[{"href":"https:\/\/fetemusiquelausanne.ch\/it\/wp-json\/wp\/v2\/pages\/104","targetHints":{"allow":["GET"]}}],"collection":[{"href":"https:\/\/fetemusiquelausanne.ch\/it\/wp-json\/wp\/v2\/pages"}],"about":[{"href":"https:\/\/fetemusiquelausanne.ch\/it\/wp-json\/wp\/v2\/types\/page"}],"author":[{"embeddable":true,"href":"https:\/\/fetemusiquelausanne.ch\/it\/wp-json\/wp\/v2\/users\/1"}],"replies":[{"embeddable":true,"href":"https:\/\/fetemusiquelausanne.ch\/it\/wp-json\/wp\/v2\/comments?post=104"}],"version-history":[{"count":0,"href":"https:\/\/fetemusiquelausanne.ch\/it\/wp-json\/wp\/v2\/pages\/104\/revisions"}],"wp:attachment":[{"href":"https:\/\/fetemusiquelausanne.ch\/it\/wp-json\/wp\/v2\/media?parent=104"}],"curies":[{"name":"wp","href":"https:\/\/api.w.org\/{rel}","templated":true}]}}