{"id":23,"date":"2023-10-12T15:49:31","date_gmt":"2023-10-12T13:49:31","guid":{"rendered":"http:\/\/fete-de-la-musique.local\/?page_id=23"},"modified":"2025-04-03T15:54:02","modified_gmt":"2025-04-03T13:54:02","slug":"charte-keychange","status":"publish","type":"page","link":"https:\/\/fetemusiquelausanne.ch\/de\/a-propos\/charte-keychange\/","title":{"rendered":"Charte Keychange"},"content":{"rendered":"\n<p>Le 21 juin 2019, la F\u00eate de la Musique de Lausanne a sign\u00e9 la\u00a0<a href=\"https:\/\/www.keychange.eu\/\"><strong>charte\u00a0Keychange<\/strong><\/a>, s\u2019engageant ainsi \u00e0 atteindre progressivement un\u00a0<strong>\u00e9quilibre entre hommes et femmes dans sa programmation<\/strong>, et ceci\u00a0<strong>dans tous les genres musicaux<\/strong>\u00a0(jazz et musiques actuelles, musique classique, choeurs, musiques traditionnelles).<\/p>\n\n\n\n<p>Un \u00e9tat des lieux de la&nbsp;<strong>programmation 2020<\/strong>&nbsp;r\u00e9v\u00e8le un relatif \u00e9quilibre sur l\u2019ensemble des formations programm\u00e9es (60% d\u2019hommes pour 40% de femmes). Les proportions varient toutefois selon les genres musicaux, les femmes \u00e9tant l\u00e9g\u00e8rement majoritaires dans la musique classique (57%), mais largement minoritaires dans la cat\u00e9gorie jazz &amp; musiques actuelles (27%) et dans les musiques traditionnelles (17%). \u00c0 relever entre 2019 et 2020, une progression de 19% \u00e0 27% de la proportion de femmes programm\u00e9es en jazz &amp; musiques actuelles.<\/p>\n","protected":false},"excerpt":{"rendered":"<p>Le 21 juin 2019, la F\u00eate de la Musique de Lausanne a sign\u00e9 la\u00a0charte\u00a0Keychange, s\u2019engageant ainsi \u00e0 atteindre progressivement un\u00a0\u00e9quilibre entre hommes et femmes dans sa programmation, et ceci\u00a0dans tous les genres musicaux\u00a0(jazz et musiques actuelles, musique classique, choeurs, musiques traditionnelles). Un \u00e9tat des lieux de la&nbsp;programmation 2020&nbsp;r\u00e9v\u00e8le un relatif \u00e9quilibre sur l\u2019ensemble des formations [&hellip;]<\/p>\n","protected":false},"author":1,"featured_media":0,"parent":20,"menu_order":7,"comment_status":"closed","ping_status":"closed","template":"","meta":{"_acf_changed":false,"footnotes":""},"class_list":["post-23","page","type-page","status-publish","hentry"],"acf":[],"yoast_head":"<!-- This site is optimized with the Yoast SEO plugin v27.3 - https:\/\/yoast.com\/product\/yoast-seo-wordpress\/ -->\n<title>Charte Keychange - F\u00eate de la musique Lausanne<\/title>\n<meta name=\"robots\" content=\"index, follow, max-snippet:-1, max-image-preview:large, max-video-preview:-1\" \/>\n<link rel=\"canonical\" href=\"https:\/\/fetemusiquelausanne.ch\/de\/a-propos\/charte-keychange\/\" \/>\n<meta property=\"og:locale\" content=\"de_DE\" \/>\n<meta property=\"og:type\" content=\"article\" \/>\n<meta property=\"og:title\" content=\"Charte Keychange - F\u00eate de la musique Lausanne\" \/>\n<meta property=\"og:description\" content=\"Le 21 juin 2019, la F\u00eate de la Musique de Lausanne a sign\u00e9 la\u00a0charte\u00a0Keychange, s\u2019engageant ainsi \u00e0 atteindre progressivement un\u00a0\u00e9quilibre entre hommes et femmes dans sa programmation, et ceci\u00a0dans tous les genres musicaux\u00a0(jazz et musiques actuelles, musique classique, choeurs, musiques traditionnelles). Un \u00e9tat des lieux de la&nbsp;programmation 2020&nbsp;r\u00e9v\u00e8le un relatif \u00e9quilibre sur l\u2019ensemble des formations [&hellip;]\" \/>\n<meta property=\"og:url\" content=\"https:\/\/fetemusiquelausanne.ch\/de\/a-propos\/charte-keychange\/\" \/>\n<meta property=\"og:site_name\" content=\"F\u00eate de la musique Lausanne\" \/>\n<meta property=\"article:publisher\" content=\"https:\/\/www.facebook.com\/fetemusiquelausanne\" \/>\n<meta property=\"article:modified_time\" content=\"2025-04-03T13:54:02+00:00\" \/>\n<meta name=\"twitter:card\" content=\"summary_large_image\" \/>\n<meta name=\"twitter:label1\" content=\"Est. reading time\" \/>\n\t<meta name=\"twitter:data1\" content=\"1 minute\" \/>\n<script type=\"application\/ld+json\" class=\"yoast-schema-graph\">{\"@context\":\"https:\\\/\\\/schema.org\",\"@graph\":[{\"@type\":\"WebPage\",\"@id\":\"https:\\\/\\\/fetemusiquelausanne.ch\\\/de\\\/a-propos\\\/charte-keychange\\\/\",\"url\":\"https:\\\/\\\/fetemusiquelausanne.ch\\\/de\\\/a-propos\\\/charte-keychange\\\/\",\"name\":\"Charte Keychange - F\u00eate de la musique Lausanne\",\"isPartOf\":{\"@id\":\"https:\\\/\\\/fetemusiquelausanne.ch\\\/de\\\/#website\"},\"datePublished\":\"2023-10-12T13:49:31+00:00\",\"dateModified\":\"2025-04-03T13:54:02+00:00\",\"breadcrumb\":{\"@id\":\"https:\\\/\\\/fetemusiquelausanne.ch\\\/de\\\/a-propos\\\/charte-keychange\\\/#breadcrumb\"},\"inLanguage\":\"de-DE\",\"potentialAction\":[{\"@type\":\"ReadAction\",\"target\":[\"https:\\\/\\\/fetemusiquelausanne.ch\\\/de\\\/a-propos\\\/charte-keychange\\\/\"]}]},{\"@type\":\"BreadcrumbList\",\"@id\":\"https:\\\/\\\/fetemusiquelausanne.ch\\\/de\\\/a-propos\\\/charte-keychange\\\/#breadcrumb\",\"itemListElement\":[{\"@type\":\"ListItem\",\"position\":1,\"name\":\"Accueil\",\"item\":\"https:\\\/\\\/fetemusiquelausanne.ch\\\/de\\\/\"},{\"@type\":\"ListItem\",\"position\":2,\"name\":\"\u00c0 propos\",\"item\":\"https:\\\/\\\/fetemusiquelausanne.ch\\\/de\\\/a-propos\\\/\"},{\"@type\":\"ListItem\",\"position\":3,\"name\":\"Charte Keychange\"}]},{\"@type\":\"WebSite\",\"@id\":\"https:\\\/\\\/fetemusiquelausanne.ch\\\/de\\\/#website\",\"url\":\"https:\\\/\\\/fetemusiquelausanne.ch\\\/de\\\/\",\"name\":\"F\u00eate de la musique Lausanne\",\"description\":\"21 juin\",\"publisher\":{\"@id\":\"https:\\\/\\\/fetemusiquelausanne.ch\\\/de\\\/#organization\"},\"potentialAction\":[{\"@type\":\"SearchAction\",\"target\":{\"@type\":\"EntryPoint\",\"urlTemplate\":\"https:\\\/\\\/fetemusiquelausanne.ch\\\/de\\\/?s={search_term_string}\"},\"query-input\":{\"@type\":\"PropertyValueSpecification\",\"valueRequired\":true,\"valueName\":\"search_term_string\"}}],\"inLanguage\":\"de-DE\"},{\"@type\":\"Organization\",\"@id\":\"https:\\\/\\\/fetemusiquelausanne.ch\\\/de\\\/#organization\",\"name\":\"F\u00eate de la musique Lausanne\",\"url\":\"https:\\\/\\\/fetemusiquelausanne.ch\\\/de\\\/\",\"logo\":{\"@type\":\"ImageObject\",\"inLanguage\":\"de-DE\",\"@id\":\"https:\\\/\\\/fetemusiquelausanne.ch\\\/de\\\/#\\\/schema\\\/logo\\\/image\\\/\",\"url\":\"https:\\\/\\\/fetemusiquelausanne.ch\\\/\\\/wp-content\\\/uploads\\\/2023\\\/12\\\/fdlm_logo_2023.png\",\"contentUrl\":\"https:\\\/\\\/fetemusiquelausanne.ch\\\/\\\/wp-content\\\/uploads\\\/2023\\\/12\\\/fdlm_logo_2023.png\",\"width\":204,\"height\":123,\"caption\":\"F\u00eate de la musique Lausanne\"},\"image\":{\"@id\":\"https:\\\/\\\/fetemusiquelausanne.ch\\\/de\\\/#\\\/schema\\\/logo\\\/image\\\/\"},\"sameAs\":[\"https:\\\/\\\/www.facebook.com\\\/fetemusiquelausanne\",\"https:\\\/\\\/www.instagram.com\\\/fetedelamusiquelausanne\\\/\",\"https:\\\/\\\/www.youtube.com\\\/@fetedelamusiquelausanne3280\"]}]}<\/script>\n<!-- \/ Yoast SEO plugin. -->","yoast_head_json":{"title":"Charte Keychange - F\u00eate de la musique Lausanne","robots":{"index":"index","follow":"follow","max-snippet":"max-snippet:-1","max-image-preview":"max-image-preview:large","max-video-preview":"max-video-preview:-1"},"canonical":"https:\/\/fetemusiquelausanne.ch\/de\/a-propos\/charte-keychange\/","og_locale":"de_DE","og_type":"article","og_title":"Charte Keychange - F\u00eate de la musique Lausanne","og_description":"Le 21 juin 2019, la F\u00eate de la Musique de Lausanne a sign\u00e9 la\u00a0charte\u00a0Keychange, s\u2019engageant ainsi \u00e0 atteindre progressivement un\u00a0\u00e9quilibre entre hommes et femmes dans sa programmation, et ceci\u00a0dans tous les genres musicaux\u00a0(jazz et musiques actuelles, musique classique, choeurs, musiques traditionnelles). Un \u00e9tat des lieux de la&nbsp;programmation 2020&nbsp;r\u00e9v\u00e8le un relatif \u00e9quilibre sur l\u2019ensemble des formations [&hellip;]","og_url":"https:\/\/fetemusiquelausanne.ch\/de\/a-propos\/charte-keychange\/","og_site_name":"F\u00eate de la musique Lausanne","article_publisher":"https:\/\/www.facebook.com\/fetemusiquelausanne","article_modified_time":"2025-04-03T13:54:02+00:00","twitter_card":"summary_large_image","twitter_misc":{"Est. reading time":"1 minute"},"schema":{"@context":"https:\/\/schema.org","@graph":[{"@type":"WebPage","@id":"https:\/\/fetemusiquelausanne.ch\/de\/a-propos\/charte-keychange\/","url":"https:\/\/fetemusiquelausanne.ch\/de\/a-propos\/charte-keychange\/","name":"Charte Keychange - F\u00eate de la musique Lausanne","isPartOf":{"@id":"https:\/\/fetemusiquelausanne.ch\/de\/#website"},"datePublished":"2023-10-12T13:49:31+00:00","dateModified":"2025-04-03T13:54:02+00:00","breadcrumb":{"@id":"https:\/\/fetemusiquelausanne.ch\/de\/a-propos\/charte-keychange\/#breadcrumb"},"inLanguage":"de-DE","potentialAction":[{"@type":"ReadAction","target":["https:\/\/fetemusiquelausanne.ch\/de\/a-propos\/charte-keychange\/"]}]},{"@type":"BreadcrumbList","@id":"https:\/\/fetemusiquelausanne.ch\/de\/a-propos\/charte-keychange\/#breadcrumb","itemListElement":[{"@type":"ListItem","position":1,"name":"Accueil","item":"https:\/\/fetemusiquelausanne.ch\/de\/"},{"@type":"ListItem","position":2,"name":"\u00c0 propos","item":"https:\/\/fetemusiquelausanne.ch\/de\/a-propos\/"},{"@type":"ListItem","position":3,"name":"Charte Keychange"}]},{"@type":"WebSite","@id":"https:\/\/fetemusiquelausanne.ch\/de\/#website","url":"https:\/\/fetemusiquelausanne.ch\/de\/","name":"F\u00eate de la musique Lausanne","description":"21 juin","publisher":{"@id":"https:\/\/fetemusiquelausanne.ch\/de\/#organization"},"potentialAction":[{"@type":"SearchAction","target":{"@type":"EntryPoint","urlTemplate":"https:\/\/fetemusiquelausanne.ch\/de\/?s={search_term_string}"},"query-input":{"@type":"PropertyValueSpecification","valueRequired":true,"valueName":"search_term_string"}}],"inLanguage":"de-DE"},{"@type":"Organization","@id":"https:\/\/fetemusiquelausanne.ch\/de\/#organization","name":"F\u00eate de la musique Lausanne","url":"https:\/\/fetemusiquelausanne.ch\/de\/","logo":{"@type":"ImageObject","inLanguage":"de-DE","@id":"https:\/\/fetemusiquelausanne.ch\/de\/#\/schema\/logo\/image\/","url":"https:\/\/fetemusiquelausanne.ch\/\/wp-content\/uploads\/2023\/12\/fdlm_logo_2023.png","contentUrl":"https:\/\/fetemusiquelausanne.ch\/\/wp-content\/uploads\/2023\/12\/fdlm_logo_2023.png","width":204,"height":123,"caption":"F\u00eate de la musique Lausanne"},"image":{"@id":"https:\/\/fetemusiquelausanne.ch\/de\/#\/schema\/logo\/image\/"},"sameAs":["https:\/\/www.facebook.com\/fetemusiquelausanne","https:\/\/www.instagram.com\/fetedelamusiquelausanne\/","https:\/\/www.youtube.com\/@fetedelamusiquelausanne3280"]}]}},"_links":{"self":[{"href":"https:\/\/fetemusiquelausanne.ch\/de\/wp-json\/wp\/v2\/pages\/23","targetHints":{"allow":["GET"]}}],"collection":[{"href":"https:\/\/fetemusiquelausanne.ch\/de\/wp-json\/wp\/v2\/pages"}],"about":[{"href":"https:\/\/fetemusiquelausanne.ch\/de\/wp-json\/wp\/v2\/types\/page"}],"author":[{"embeddable":true,"href":"https:\/\/fetemusiquelausanne.ch\/de\/wp-json\/wp\/v2\/users\/1"}],"replies":[{"embeddable":true,"href":"https:\/\/fetemusiquelausanne.ch\/de\/wp-json\/wp\/v2\/comments?post=23"}],"version-history":[{"count":4,"href":"https:\/\/fetemusiquelausanne.ch\/de\/wp-json\/wp\/v2\/pages\/23\/revisions"}],"predecessor-version":[{"id":7754,"href":"https:\/\/fetemusiquelausanne.ch\/de\/wp-json\/wp\/v2\/pages\/23\/revisions\/7754"}],"up":[{"embeddable":true,"href":"https:\/\/fetemusiquelausanne.ch\/de\/wp-json\/wp\/v2\/pages\/20"}],"wp:attachment":[{"href":"https:\/\/fetemusiquelausanne.ch\/de\/wp-json\/wp\/v2\/media?parent=23"}],"curies":[{"name":"wp","href":"https:\/\/api.w.org\/{rel}","templated":true}]}}