{"id":20,"date":"2023-10-12T15:48:00","date_gmt":"2023-10-12T13:48:00","guid":{"rendered":"http:\/\/fete-de-la-musique.local\/?page_id=20"},"modified":"2025-09-29T11:50:40","modified_gmt":"2025-09-29T09:50:40","slug":"a-propos","status":"publish","type":"page","link":"https:\/\/fetemusiquelausanne.ch\/de\/a-propos\/","title":{"rendered":"\u00c0 propos"},"content":{"rendered":"\n<h2 class=\"wp-block-heading\">Les origines<\/h2>\n\n\n\n<p>Lorsque Maurice Fleuret devient Directeur de la musique et de la danse en 1981, \u00e0 la demande de Jack Lang alors Ministre de la culture, il applique ses r\u00e9flexions sur la pratique musicale et son \u00e9volution : \u00ab la musique partout et le concert nulle part \u00bb. D\u00e9couvrant en 1982, \u00e0 l\u2019occasion d\u2019une \u00e9tude sur les pratiques culturelles des Fran\u00e7ais, que cinq millions de personnes dont un jeune sur deux, jouent d\u2019un instrument de musique, il se prend \u00e0 r\u00eaver de faire descendre les gens dans la rue. C\u2019est ainsi que la F\u00eate de la Musique est lanc\u00e9e, le 21 juin 1982, jour du solstice d\u2019\u00e9t\u00e9, nuit pa\u00efenne se r\u00e9f\u00e9rant \u00e0 l\u2019ancienne tradition des f\u00eates de la Saint-Jean.<\/p>\n\n\n\n<figure class=\"wp-block-image size-large\"><img decoding=\"async\" width=\"1024\" height=\"682\" src=\"https:\/\/fetemusiquelausanne.ch\/\/wp-content\/uploads\/2023\/10\/groupe_34-1024x682.jpg\" alt=\"\" class=\"wp-image-21\" srcset=\"https:\/\/fetemusiquelausanne.ch\/wp-content\/uploads\/2023\/10\/groupe_34-1024x682.jpg 1024w, https:\/\/fetemusiquelausanne.ch\/wp-content\/uploads\/2023\/10\/groupe_34-300x200.jpg 300w, https:\/\/fetemusiquelausanne.ch\/wp-content\/uploads\/2023\/10\/groupe_34-1536x1024.jpg 1536w, https:\/\/fetemusiquelausanne.ch\/wp-content\/uploads\/2023\/10\/groupe_34-2048x1365.jpg 2048w, https:\/\/fetemusiquelausanne.ch\/wp-content\/uploads\/2023\/10\/groupe_34.jpg 720w\" sizes=\"(max-width: 1024px) 100vw, 1024px\" \/><\/figure>\n\n\n\n<h2 class=\"wp-block-heading\">\u00c0 Lausanne<\/h2>\n\n\n\n<p>A l\u2019instar d\u2019autres villes suisses, Lausanne est sollicit\u00e9e en 1995 par le Minist\u00e8re de la culture \u00e0 participer \u00e0 cet \u00e9v\u00e9nement, devenu depuis international. Un comit\u00e9 d\u2019organisation se forme alors \u00e0 la demande de la Municipalit\u00e9 de Lausanne et de sa Syndique, Yvette Jaggi.<\/p>\n\n\n\n<p>D\u00e8s son origine, le comit\u00e9 lausannois d\u00e9cide de respecter l\u2019esprit originel de la F\u00eate, soit la date du 21 juin, quel que soit le jour de la semaine, ainsi que le principe de gratuit\u00e9. Pr\u00e8s de 2000 musiciens s\u2019y produisent b\u00e9n\u00e9volement dans une quarantaine de lieux (clubs, caf\u00e9s, mus\u00e9es, \u00e9glises, h\u00f4pitaux, salles de concerts, sc\u00e8nes en plein air). Tous les styles de musique y sont repr\u00e9sent\u00e9s.<\/p>\n\n\n\n<p>\u00c0 Lausanne, la F\u00eate de la Musique est devenue un \u00e9v\u00e9nement incontournable, attirant chaque ann\u00e9e plus de 40\u2019000 spectateurs.<\/p>\n\n\n\n<h2 class=\"wp-block-heading\">Une f\u00eate de toutes les musiques pour tous les publics<\/h2>\n\n\n\n<p>A l\u2019instar d\u2019autres villes suisses, Lausanne est sollicit\u00e9e en 1995 par le Minist\u00e8re de la culture \u00e0 participer \u00e0 cet \u00e9v\u00e9nement, devenu depuis international. Un comit\u00e9 d\u2019organisation se forme alors \u00e0 la demande de la Municipalit\u00e9 de Lausanne et de sa Syndique, Yvette Jaggi.<\/p>\n\n\n\n<p>D\u00e8s son origine, le comit\u00e9 lausannois d\u00e9cide de respecter l\u2019esprit originel de la F\u00eate, soit la date du 21 juin, quel que soit le jour de la semaine, ainsi que le principe de gratuit\u00e9. Pr\u00e8s de 2000 musiciens s\u2019y produisent b\u00e9n\u00e9volement dans une quarantaine de lieux (clubs, caf\u00e9s, mus\u00e9es, \u00e9glises, h\u00f4pitaux, salles de concerts, sc\u00e8nes en plein air). Tous les styles de musique y sont repr\u00e9sent\u00e9s.<\/p>\n\n\n\n<h2 class=\"wp-block-heading\">L&#8217;association<\/h2>\n\n\n\n<p><strong>Comit\u00e9<\/strong><\/p>\n\n\n\n<p>Pr\u00e9sident : <br>Etienne Campiche<\/p>\n\n\n\n<p>Membres : <br>Tanguy Ausloos (Jazz et musiques actuelles)<br>Vincent Canu (Ensemble Vocal de Lausanne)<br>Maxime Dupuy (Haute Ecole de Musique et Conservatoire de Lausanne)<br>Marine Gasser (membre individuelle)<br>Sol\u00e8ne Tournaud (\u00c9cole de Musique Lausanne)<br>Tom Guex (Ville de Lausanne, Service de la culture)<br>Nils Simoes (Fondation pour l\u2019Animation Socioculturelle Lausannoise)<\/p>\n\n\n\n<p><strong>Membres de l\u2019association<\/strong><br><br>Association des concerts de Saint-Fran\u00e7ois<br>Association \u2026 E la nave va (Le Romandie)<br>C\u00e9line Grandjean<br>\u00c9cole de Jazz et de Musique Actuelle (EJMA)<br>\u00c9cole de Musique Lausanne (EML)<br>Etienne Campiche<br>Fabrice Bernard<br>Fondation du Conservatoire de Lausanne<br>Fondation pour l\u2019Animation Socioculturelle Lausannoise (FASL)<br>Fondation pour les musiques actuelles (Les Docks)<br>Marine Gasser<br>Soci\u00e9t\u00e9 des Concerts de la Cath\u00e9drale de Lausanne<br>Ville de Lausanne, Service de la culture<\/p>\n\n\n\n<p><strong>L\u2019Equipe<\/strong><\/p>\n\n\n\n<p>Directeur artistique&nbsp;: Julien Grimm<br>Directrice administrative &amp; financi\u00e8re&nbsp;:&nbsp;Alessia Dal Bianco<br>Coordinateurs Street Stages&nbsp;:&nbsp;Nora Hofer et S\u00e9bastien Fretz<br>Production musique classique: Eva Lang<br>Communication et RS&nbsp;:&nbsp;Donuts, Vincent Bifrare, Julien Kolly et Nathalie Oswald<br>Gestion F&amp;B&nbsp;: L\u00e9o Morax<br>Technique et production&nbsp;:&nbsp;Mevento, Fran\u00e7ois Mottier et Nicolas Roulin<\/p>\n\n\n\n<p><\/p>\n","protected":false},"excerpt":{"rendered":"<p>Les origines Lorsque Maurice Fleuret devient Directeur de la musique et de la danse en 1981, \u00e0 la demande de Jack Lang alors Ministre de la culture, il applique ses r\u00e9flexions sur la pratique musicale et son \u00e9volution : \u00ab la musique partout et le concert nulle part \u00bb. D\u00e9couvrant en 1982, \u00e0 l\u2019occasion d\u2019une [&hellip;]<\/p>\n","protected":false},"author":1,"featured_media":0,"parent":0,"menu_order":4,"comment_status":"closed","ping_status":"closed","template":"","meta":{"_acf_changed":false,"footnotes":""},"class_list":["post-20","page","type-page","status-publish","hentry"],"acf":[],"yoast_head":"<!-- This site is optimized with the Yoast SEO plugin v27.3 - https:\/\/yoast.com\/product\/yoast-seo-wordpress\/ -->\n<title>\u00c0 propos - F\u00eate de la musique Lausanne<\/title>\n<meta name=\"robots\" content=\"index, follow, max-snippet:-1, max-image-preview:large, max-video-preview:-1\" \/>\n<link rel=\"canonical\" href=\"https:\/\/fetemusiquelausanne.ch\/de\/a-propos\/\" \/>\n<meta property=\"og:locale\" content=\"de_DE\" \/>\n<meta property=\"og:type\" content=\"article\" \/>\n<meta property=\"og:title\" content=\"\u00c0 propos - F\u00eate de la musique Lausanne\" \/>\n<meta property=\"og:description\" content=\"Les origines Lorsque Maurice Fleuret devient Directeur de la musique et de la danse en 1981, \u00e0 la demande de Jack Lang alors Ministre de la culture, il applique ses r\u00e9flexions sur la pratique musicale et son \u00e9volution : \u00ab la musique partout et le concert nulle part \u00bb. D\u00e9couvrant en 1982, \u00e0 l\u2019occasion d\u2019une [&hellip;]\" \/>\n<meta property=\"og:url\" content=\"https:\/\/fetemusiquelausanne.ch\/de\/a-propos\/\" \/>\n<meta property=\"og:site_name\" content=\"F\u00eate de la musique Lausanne\" \/>\n<meta property=\"article:publisher\" content=\"https:\/\/www.facebook.com\/fetemusiquelausanne\" \/>\n<meta property=\"article:modified_time\" content=\"2025-09-29T09:50:40+00:00\" \/>\n<meta property=\"og:image\" content=\"https:\/\/fetemusiquelausanne.ch\/wp-content\/uploads\/2023\/10\/groupe_34.jpg\" \/>\n\t<meta property=\"og:image:width\" content=\"720\" \/>\n\t<meta property=\"og:image:height\" content=\"480\" \/>\n\t<meta property=\"og:image:type\" content=\"image\/jpeg\" \/>\n<meta name=\"twitter:card\" content=\"summary_large_image\" \/>\n<meta name=\"twitter:label1\" content=\"Est. reading time\" \/>\n\t<meta name=\"twitter:data1\" content=\"3 minutes\" \/>\n<script type=\"application\/ld+json\" class=\"yoast-schema-graph\">{\"@context\":\"https:\\\/\\\/schema.org\",\"@graph\":[{\"@type\":\"WebPage\",\"@id\":\"https:\\\/\\\/fetemusiquelausanne.ch\\\/de\\\/a-propos\\\/\",\"url\":\"https:\\\/\\\/fetemusiquelausanne.ch\\\/de\\\/a-propos\\\/\",\"name\":\"\u00c0 propos - F\u00eate de la musique Lausanne\",\"isPartOf\":{\"@id\":\"https:\\\/\\\/fetemusiquelausanne.ch\\\/de\\\/#website\"},\"primaryImageOfPage\":{\"@id\":\"https:\\\/\\\/fetemusiquelausanne.ch\\\/de\\\/a-propos\\\/#primaryimage\"},\"image\":{\"@id\":\"https:\\\/\\\/fetemusiquelausanne.ch\\\/de\\\/a-propos\\\/#primaryimage\"},\"thumbnailUrl\":\"https:\\\/\\\/fetemusiquelausanne.ch\\\/\\\/wp-content\\\/uploads\\\/2023\\\/10\\\/groupe_34-1024x682.jpg\",\"datePublished\":\"2023-10-12T13:48:00+00:00\",\"dateModified\":\"2025-09-29T09:50:40+00:00\",\"breadcrumb\":{\"@id\":\"https:\\\/\\\/fetemusiquelausanne.ch\\\/de\\\/a-propos\\\/#breadcrumb\"},\"inLanguage\":\"de-DE\",\"potentialAction\":[{\"@type\":\"ReadAction\",\"target\":[\"https:\\\/\\\/fetemusiquelausanne.ch\\\/de\\\/a-propos\\\/\"]}]},{\"@type\":\"ImageObject\",\"inLanguage\":\"de-DE\",\"@id\":\"https:\\\/\\\/fetemusiquelausanne.ch\\\/de\\\/a-propos\\\/#primaryimage\",\"url\":\"https:\\\/\\\/fetemusiquelausanne.ch\\\/\\\/wp-content\\\/uploads\\\/2023\\\/10\\\/groupe_34-1024x682.jpg\",\"contentUrl\":\"https:\\\/\\\/fetemusiquelausanne.ch\\\/\\\/wp-content\\\/uploads\\\/2023\\\/10\\\/groupe_34-1024x682.jpg\"},{\"@type\":\"BreadcrumbList\",\"@id\":\"https:\\\/\\\/fetemusiquelausanne.ch\\\/de\\\/a-propos\\\/#breadcrumb\",\"itemListElement\":[{\"@type\":\"ListItem\",\"position\":1,\"name\":\"Accueil\",\"item\":\"https:\\\/\\\/fetemusiquelausanne.ch\\\/de\\\/\"},{\"@type\":\"ListItem\",\"position\":2,\"name\":\"\u00c0 propos\"}]},{\"@type\":\"WebSite\",\"@id\":\"https:\\\/\\\/fetemusiquelausanne.ch\\\/de\\\/#website\",\"url\":\"https:\\\/\\\/fetemusiquelausanne.ch\\\/de\\\/\",\"name\":\"F\u00eate de la musique Lausanne\",\"description\":\"21 juin\",\"publisher\":{\"@id\":\"https:\\\/\\\/fetemusiquelausanne.ch\\\/de\\\/#organization\"},\"potentialAction\":[{\"@type\":\"SearchAction\",\"target\":{\"@type\":\"EntryPoint\",\"urlTemplate\":\"https:\\\/\\\/fetemusiquelausanne.ch\\\/de\\\/?s={search_term_string}\"},\"query-input\":{\"@type\":\"PropertyValueSpecification\",\"valueRequired\":true,\"valueName\":\"search_term_string\"}}],\"inLanguage\":\"de-DE\"},{\"@type\":\"Organization\",\"@id\":\"https:\\\/\\\/fetemusiquelausanne.ch\\\/de\\\/#organization\",\"name\":\"F\u00eate de la musique Lausanne\",\"url\":\"https:\\\/\\\/fetemusiquelausanne.ch\\\/de\\\/\",\"logo\":{\"@type\":\"ImageObject\",\"inLanguage\":\"de-DE\",\"@id\":\"https:\\\/\\\/fetemusiquelausanne.ch\\\/de\\\/#\\\/schema\\\/logo\\\/image\\\/\",\"url\":\"https:\\\/\\\/fetemusiquelausanne.ch\\\/\\\/wp-content\\\/uploads\\\/2023\\\/12\\\/fdlm_logo_2023.png\",\"contentUrl\":\"https:\\\/\\\/fetemusiquelausanne.ch\\\/\\\/wp-content\\\/uploads\\\/2023\\\/12\\\/fdlm_logo_2023.png\",\"width\":204,\"height\":123,\"caption\":\"F\u00eate de la musique Lausanne\"},\"image\":{\"@id\":\"https:\\\/\\\/fetemusiquelausanne.ch\\\/de\\\/#\\\/schema\\\/logo\\\/image\\\/\"},\"sameAs\":[\"https:\\\/\\\/www.facebook.com\\\/fetemusiquelausanne\",\"https:\\\/\\\/www.instagram.com\\\/fetedelamusiquelausanne\\\/\",\"https:\\\/\\\/www.youtube.com\\\/@fetedelamusiquelausanne3280\"]}]}<\/script>\n<!-- \/ Yoast SEO plugin. -->","yoast_head_json":{"title":"\u00c0 propos - F\u00eate de la musique Lausanne","robots":{"index":"index","follow":"follow","max-snippet":"max-snippet:-1","max-image-preview":"max-image-preview:large","max-video-preview":"max-video-preview:-1"},"canonical":"https:\/\/fetemusiquelausanne.ch\/de\/a-propos\/","og_locale":"de_DE","og_type":"article","og_title":"\u00c0 propos - F\u00eate de la musique Lausanne","og_description":"Les origines Lorsque Maurice Fleuret devient Directeur de la musique et de la danse en 1981, \u00e0 la demande de Jack Lang alors Ministre de la culture, il applique ses r\u00e9flexions sur la pratique musicale et son \u00e9volution : \u00ab la musique partout et le concert nulle part \u00bb. D\u00e9couvrant en 1982, \u00e0 l\u2019occasion d\u2019une [&hellip;]","og_url":"https:\/\/fetemusiquelausanne.ch\/de\/a-propos\/","og_site_name":"F\u00eate de la musique Lausanne","article_publisher":"https:\/\/www.facebook.com\/fetemusiquelausanne","article_modified_time":"2025-09-29T09:50:40+00:00","og_image":[{"width":720,"height":480,"url":"https:\/\/fetemusiquelausanne.ch\/wp-content\/uploads\/2023\/10\/groupe_34.jpg","type":"image\/jpeg"}],"twitter_card":"summary_large_image","twitter_misc":{"Est. reading time":"3 minutes"},"schema":{"@context":"https:\/\/schema.org","@graph":[{"@type":"WebPage","@id":"https:\/\/fetemusiquelausanne.ch\/de\/a-propos\/","url":"https:\/\/fetemusiquelausanne.ch\/de\/a-propos\/","name":"\u00c0 propos - F\u00eate de la musique Lausanne","isPartOf":{"@id":"https:\/\/fetemusiquelausanne.ch\/de\/#website"},"primaryImageOfPage":{"@id":"https:\/\/fetemusiquelausanne.ch\/de\/a-propos\/#primaryimage"},"image":{"@id":"https:\/\/fetemusiquelausanne.ch\/de\/a-propos\/#primaryimage"},"thumbnailUrl":"https:\/\/fetemusiquelausanne.ch\/\/wp-content\/uploads\/2023\/10\/groupe_34-1024x682.jpg","datePublished":"2023-10-12T13:48:00+00:00","dateModified":"2025-09-29T09:50:40+00:00","breadcrumb":{"@id":"https:\/\/fetemusiquelausanne.ch\/de\/a-propos\/#breadcrumb"},"inLanguage":"de-DE","potentialAction":[{"@type":"ReadAction","target":["https:\/\/fetemusiquelausanne.ch\/de\/a-propos\/"]}]},{"@type":"ImageObject","inLanguage":"de-DE","@id":"https:\/\/fetemusiquelausanne.ch\/de\/a-propos\/#primaryimage","url":"https:\/\/fetemusiquelausanne.ch\/\/wp-content\/uploads\/2023\/10\/groupe_34-1024x682.jpg","contentUrl":"https:\/\/fetemusiquelausanne.ch\/\/wp-content\/uploads\/2023\/10\/groupe_34-1024x682.jpg"},{"@type":"BreadcrumbList","@id":"https:\/\/fetemusiquelausanne.ch\/de\/a-propos\/#breadcrumb","itemListElement":[{"@type":"ListItem","position":1,"name":"Accueil","item":"https:\/\/fetemusiquelausanne.ch\/de\/"},{"@type":"ListItem","position":2,"name":"\u00c0 propos"}]},{"@type":"WebSite","@id":"https:\/\/fetemusiquelausanne.ch\/de\/#website","url":"https:\/\/fetemusiquelausanne.ch\/de\/","name":"F\u00eate de la musique Lausanne","description":"21 juin","publisher":{"@id":"https:\/\/fetemusiquelausanne.ch\/de\/#organization"},"potentialAction":[{"@type":"SearchAction","target":{"@type":"EntryPoint","urlTemplate":"https:\/\/fetemusiquelausanne.ch\/de\/?s={search_term_string}"},"query-input":{"@type":"PropertyValueSpecification","valueRequired":true,"valueName":"search_term_string"}}],"inLanguage":"de-DE"},{"@type":"Organization","@id":"https:\/\/fetemusiquelausanne.ch\/de\/#organization","name":"F\u00eate de la musique Lausanne","url":"https:\/\/fetemusiquelausanne.ch\/de\/","logo":{"@type":"ImageObject","inLanguage":"de-DE","@id":"https:\/\/fetemusiquelausanne.ch\/de\/#\/schema\/logo\/image\/","url":"https:\/\/fetemusiquelausanne.ch\/\/wp-content\/uploads\/2023\/12\/fdlm_logo_2023.png","contentUrl":"https:\/\/fetemusiquelausanne.ch\/\/wp-content\/uploads\/2023\/12\/fdlm_logo_2023.png","width":204,"height":123,"caption":"F\u00eate de la musique Lausanne"},"image":{"@id":"https:\/\/fetemusiquelausanne.ch\/de\/#\/schema\/logo\/image\/"},"sameAs":["https:\/\/www.facebook.com\/fetemusiquelausanne","https:\/\/www.instagram.com\/fetedelamusiquelausanne\/","https:\/\/www.youtube.com\/@fetedelamusiquelausanne3280"]}]}},"_links":{"self":[{"href":"https:\/\/fetemusiquelausanne.ch\/de\/wp-json\/wp\/v2\/pages\/20","targetHints":{"allow":["GET"]}}],"collection":[{"href":"https:\/\/fetemusiquelausanne.ch\/de\/wp-json\/wp\/v2\/pages"}],"about":[{"href":"https:\/\/fetemusiquelausanne.ch\/de\/wp-json\/wp\/v2\/types\/page"}],"author":[{"embeddable":true,"href":"https:\/\/fetemusiquelausanne.ch\/de\/wp-json\/wp\/v2\/users\/1"}],"replies":[{"embeddable":true,"href":"https:\/\/fetemusiquelausanne.ch\/de\/wp-json\/wp\/v2\/comments?post=20"}],"version-history":[{"count":4,"href":"https:\/\/fetemusiquelausanne.ch\/de\/wp-json\/wp\/v2\/pages\/20\/revisions"}],"predecessor-version":[{"id":9077,"href":"https:\/\/fetemusiquelausanne.ch\/de\/wp-json\/wp\/v2\/pages\/20\/revisions\/9077"}],"wp:attachment":[{"href":"https:\/\/fetemusiquelausanne.ch\/de\/wp-json\/wp\/v2\/media?parent=20"}],"curies":[{"name":"wp","href":"https:\/\/api.w.org\/{rel}","templated":true}]}}